{"id":2040,"date":"2026-04-17T15:28:21","date_gmt":"2026-04-17T13:28:21","guid":{"rendered":"https:\/\/gruppoborghi.it\/?page_id=2040"},"modified":"2026-04-22T10:36:25","modified_gmt":"2026-04-22T08:36:25","slug":"sostenibilita","status":"publish","type":"page","link":"https:\/\/gruppoborghi.it\/it\/sostenibilita\/","title":{"rendered":"Sostenibilit\u00e0"},"content":{"rendered":"\t\t<div data-elementor-type=\"wp-page\" data-elementor-id=\"2040\" class=\"elementor elementor-2040\" data-elementor-post-type=\"page\">\n\t\t\t\t\t\t<section class=\"elementor-section elementor-top-section elementor-element elementor-element-c32ae79 elementor-section-boxed elementor-section-height-default elementor-section-height-default\" data-id=\"c32ae79\" data-element_type=\"section\">\n\t\t\t\t\t\t<div class=\"elementor-container elementor-column-gap-default\">\n\t\t\t\t\t<div class=\"elementor-column elementor-col-100 elementor-top-column elementor-element elementor-element-261a904\" data-id=\"261a904\" data-element_type=\"column\">\n\t\t\t<div class=\"elementor-widget-wrap elementor-element-populated\">\n\t\t\t\t\t\t<div class=\"elementor-element elementor-element-f26306e elementor-widget elementor-widget-heading\" data-id=\"f26306e\" data-element_type=\"widget\" data-widget_type=\"heading.default\">\n\t\t\t\t<div class=\"elementor-widget-container\">\n\t\t\t\t\t<h1 class=\"elementor-heading-title elementor-size-default\">Sostenibilit\u00e0<\/h1>\t\t\t\t<\/div>\n\t\t\t\t<\/div>\n\t\t\t\t<div class=\"elementor-element elementor-element-4d05950 elementor-widget elementor-widget-heading\" data-id=\"4d05950\" data-element_type=\"widget\" data-widget_type=\"heading.default\">\n\t\t\t\t<div class=\"elementor-widget-container\">\n\t\t\t\t\t<h2 class=\"elementor-heading-title elementor-size-default\">Il nostro impegno\n<\/h2>\t\t\t\t<\/div>\n\t\t\t\t<\/div>\n\t\t\t\t<div class=\"elementor-element elementor-element-7464dab elementor-widget elementor-widget-text-editor\" data-id=\"7464dab\" data-element_type=\"widget\" data-widget_type=\"text-editor.default\">\n\t\t\t\t<div class=\"elementor-widget-container\">\n\t\t\t\t\t\t\t\t\t<p style=\"font-weight: 400;\">Per Gruppo Borghi, la sostenibilit\u00e0 \u00e8 parte integrante del proprio modello di sviluppo. Il Gruppo ha avviato un percorso strutturato volto a integrare i principi ESG nei processi aziendali, con particolare attenzione alla dimensione sociale e alla valorizzazione delle persone.<\/p><p style=\"font-weight: 400;\">Crediamo che la parit\u00e0 di genere e l\u2019inclusione siano elementi fondamentali per il successo dell\u2019organizzazione, il benessere delle persone e la creazione di valore nel lungo periodo. In questa prospettiva, il Gruppo ha intrapreso un percorso di adeguamento ai requisiti della UNI\/PdR 125:2022, finalizzato a promuovere una cultura aziendale sempre pi\u00f9 inclusiva, valorizzare le diversit\u00e0 e sostenere concretamente le pari opportunit\u00e0.<\/p>\t\t\t\t\t\t\t\t<\/div>\n\t\t\t\t<\/div>\n\t\t\t\t<div class=\"elementor-element elementor-element-5620edb elementor-widget elementor-widget-heading\" data-id=\"5620edb\" data-element_type=\"widget\" data-widget_type=\"heading.default\">\n\t\t\t\t<div class=\"elementor-widget-container\">\n\t\t\t\t\t<h2 class=\"elementor-heading-title elementor-size-default\">Parit\u00e0 di genere e segnalazioni<\/h2>\t\t\t\t<\/div>\n\t\t\t\t<\/div>\n\t\t\t\t<div class=\"elementor-element elementor-element-f64ae75 elementor-widget elementor-widget-text-editor\" data-id=\"f64ae75\" data-element_type=\"widget\" data-widget_type=\"text-editor.default\">\n\t\t\t\t<div class=\"elementor-widget-container\">\n\t\t\t\t\t\t\t\t\t<p style=\"font-weight: 400;\">A supporto di questo impegno, \u00e8 stato attivato un sistema di segnalazione dedicato, che rappresenta uno strumento operativo per prevenire e gestire eventuali comportamenti non coerenti con i principi di equit\u00e0, inclusione e rispetto.<\/p><p style=\"font-weight: 400;\">Il canale consente di contribuire attivamente al miglioramento continuo del contesto aziendale ed \u00e8 parte integrante del percorso di allineamento alla UNI\/PdR 125:2022.<\/p><p style=\"font-weight: 400;\">Se hai una segnalazione da inviare, anche in forma anonima, utilizza il modulo disponibile qui di seguito in questa pagina.<\/p>\t\t\t\t\t\t\t\t<\/div>\n\t\t\t\t<\/div>\n\t\t\t\t\t<\/div>\n\t\t<\/div>\n\t\t\t\t\t<\/div>\n\t\t<\/section>\n\t\t\t\t<section class=\"elementor-section elementor-top-section elementor-element elementor-element-fbdce91 elementor-section-boxed elementor-section-height-default elementor-section-height-default\" data-id=\"fbdce91\" data-element_type=\"section\" data-settings=\"{&quot;background_background&quot;:&quot;classic&quot;}\">\n\t\t\t\t\t\t<div class=\"elementor-container elementor-column-gap-default\">\n\t\t\t\t\t<div class=\"elementor-column elementor-col-100 elementor-top-column elementor-element elementor-element-eccbfc7\" data-id=\"eccbfc7\" data-element_type=\"column\">\n\t\t\t<div class=\"elementor-widget-wrap elementor-element-populated\">\n\t\t\t\t\t\t<div class=\"elementor-element elementor-element-6389419 elementor-widget elementor-widget-heading\" data-id=\"6389419\" data-element_type=\"widget\" data-widget_type=\"heading.default\">\n\t\t\t\t<div class=\"elementor-widget-container\">\n\t\t\t\t\t<h2 class=\"elementor-heading-title elementor-size-default\">SEGNALAZIONI<\/h2>\t\t\t\t<\/div>\n\t\t\t\t<\/div>\n\t\t\t\t<div class=\"elementor-element elementor-element-fc60bc5 elementor-tablet-button-align-start elementor-mobile-button-align-stretch elementor-button-align-stretch elementor-widget elementor-widget-form\" data-id=\"fc60bc5\" data-element_type=\"widget\" data-settings=\"{&quot;button_width&quot;:&quot;33&quot;,&quot;step_next_label&quot;:&quot;Successivo&quot;,&quot;step_previous_label&quot;:&quot;Precedente&quot;,&quot;button_width_tablet&quot;:&quot;80&quot;,&quot;dce_confirm_dialog_enabled&quot;:&quot;no&quot;,&quot;step_type&quot;:&quot;number_text&quot;,&quot;step_icon_shape&quot;:&quot;circle&quot;,&quot;label_icon_size&quot;:{&quot;unit&quot;:&quot;px&quot;,&quot;size&quot;:&quot;&quot;,&quot;sizes&quot;:[]},&quot;field_icon_size&quot;:{&quot;unit&quot;:&quot;px&quot;,&quot;size&quot;:&quot;&quot;,&quot;sizes&quot;:[]}}\" data-widget_type=\"form.default\">\n\t\t\t\t<div class=\"elementor-widget-container\">\n\t\t\t\t\t\t\t<form class=\"elementor-form\" method=\"post\" name=\"Form Segnalazioni\">\n\t\t\t<input type=\"hidden\" name=\"post_id\" value=\"2040\"\/>\n\t\t\t<input type=\"hidden\" name=\"form_id\" value=\"fc60bc5\"\/>\n\t\t\t<input type=\"hidden\" name=\"referer_title\" value=\"Gruppo Borghi\" \/>\n\n\t\t\t\n\t\t\t<div class=\"elementor-form-fields-wrapper elementor-labels-above\">\n\t\t\t\t\t\t\t\t<div class=\"elementor-field-type-text elementor-field-group elementor-column elementor-field-group-name elementor-col-33\">\n\t\t\t\t\t\t\t\t\t\t\t\t<label for=\"form-field-name\" class=\"elementor-field-label\">\n\t\t\t\t\t\t\t\tNome e Cognome\t\t\t\t\t\t\t<\/label>\n\t\t\t\t\t\t\t\t\t\t\t\t\t\t<input size=\"1\" type=\"text\" name=\"form_fields[name]\" id=\"form-field-name\" class=\"elementor-field elementor-size-sm  elementor-field-textual\" placeholder=\"Facoltativo\">\n\t\t\t\t\t\t\t\t\t\t\t<\/div>\n\t\t\t\t\t\t\t\t<div class=\"elementor-field-type-email elementor-field-group elementor-column elementor-field-group-Email elementor-col-33\">\n\t\t\t\t\t\t\t\t\t\t\t\t<label for=\"form-field-Email\" class=\"elementor-field-label\">\n\t\t\t\t\t\t\t\tEmail\t\t\t\t\t\t\t<\/label>\n\t\t\t\t\t\t\t\t\t\t\t\t\t\t<input size=\"1\" type=\"email\" name=\"form_fields[Email]\" id=\"form-field-Email\" class=\"elementor-field elementor-size-sm  elementor-field-textual\" placeholder=\"Facoltativo\">\n\t\t\t\t\t\t\t\t\t\t\t<\/div>\n\t\t\t\t\t\t\t\t<div class=\"elementor-field-type-select elementor-field-group elementor-column elementor-field-group-field_0d79cf2 elementor-col-33 elementor-field-required elementor-mark-required\">\n\t\t\t\t\t\t\t\t\t\t\t\t<label for=\"form-field-field_0d79cf2\" class=\"elementor-field-label\">\n\t\t\t\t\t\t\t\tAzienda\t\t\t\t\t\t\t<\/label>\n\t\t\t\t\t\t\t\t<div class=\"elementor-field elementor-select-wrapper remove-before \">\n\t\t\t<div class=\"select-caret-down-wrapper\">\n\t\t\t\t<i aria-hidden=\"true\" class=\"eicon-caret-down\"><\/i>\t\t\t<\/div>\n\t\t\t<select name=\"form_fields[field_0d79cf2]\" id=\"form-field-field_0d79cf2\" class=\"elementor-field-textual elementor-size-sm\" required=\"required\">\n\t\t\t\t\t\t\t\t\t<option value=\"\">- seleziona - <\/option>\n\t\t\t\t\t\t\t\t\t<option value=\" Gruppo Borghi\">Gruppo Borghi <\/option>\n\t\t\t\t\t\t\t\t\t<option value=\" T.ERRE\">T.ERRE <\/option>\n\t\t\t\t\t\t\t\t\t<option value=\" T.ERRE EUROPE \">T.ERRE EUROPE <\/option>\n\t\t\t\t\t\t\t\t\t<option value=\" T.ERRE POLSKA\">T.ERRE POLSKA <\/option>\n\t\t\t\t\t\t\t\t\t<option value=\" Borghi Impianti Oleodinamici \">Borghi Impianti Oleodinamici <\/option>\n\t\t\t\t\t\t\t\t\t<option value=\" Metallink \">Metallink <\/option>\n\t\t\t\t\t\t\t\t\t<option value=\" Borghi USA\">Borghi USA <\/option>\n\t\t\t\t\t\t\t\t\t<option value=\" F.O.R.\">F.O.R. <\/option>\n\t\t\t\t\t\t\t<\/select>\n\t\t<\/div>\n\t\t\t\t\t\t<\/div>\n\t\t\t\t\t\t\t\t<div class=\"elementor-field-type-text elementor-field-group elementor-column elementor-field-group-oggetto elementor-col-100 elementor-field-required elementor-mark-required\">\n\t\t\t\t\t\t\t\t\t\t\t\t<label for=\"form-field-oggetto\" class=\"elementor-field-label\">\n\t\t\t\t\t\t\t\tOggetto\t\t\t\t\t\t\t<\/label>\n\t\t\t\t\t\t\t\t\t\t\t\t\t\t<input size=\"1\" type=\"text\" name=\"form_fields[oggetto]\" id=\"form-field-oggetto\" class=\"elementor-field elementor-size-sm  elementor-field-textual\" required=\"required\">\n\t\t\t\t\t\t\t\t\t\t\t<\/div>\n\t\t\t\t\t\t\t\t<div class=\"elementor-field-type-textarea elementor-field-group elementor-column elementor-field-group-field_03b4baf elementor-col-100 elementor-field-required elementor-mark-required\">\n\t\t\t\t\t\t\t\t\t\t\t\t<label for=\"form-field-field_03b4baf\" class=\"elementor-field-label\">\n\t\t\t\t\t\t\t\tIl tuo messaggio\t\t\t\t\t\t\t<\/label>\n\t\t\t\t\t\t<textarea class=\"elementor-field-textual elementor-field  elementor-size-sm\" name=\"form_fields[field_03b4baf]\" id=\"form-field-field_03b4baf\" rows=\"4\" placeholder=\"Messaggio\" required=\"required\"><\/textarea>\t\t\t\t<\/div>\n\t\t\t\t\t\t\t\t<div class=\"elementor-field-type-upload elementor-field-group elementor-column elementor-field-group-allegato elementor-col-100\">\n\t\t\t\t\t\t\t\t\t\t\t\t<label for=\"form-field-allegato\" class=\"elementor-field-label\">\n\t\t\t\t\t\t\t\tAllegato\t\t\t\t\t\t\t<\/label>\n\t\t\t\t\t\t\t\t<input type=\"file\" name=\"form_fields[allegato]\" id=\"form-field-allegato\" class=\"elementor-field elementor-size-sm  elementor-upload-field\" data-maxsize=\"2\" data-maxsize-message=\"Questo file supera la dimensione massima consentita.\">\n\n\t\t\t\t\t\t<\/div>\n\t\t\t\t\t\t\t\t<div class=\"elementor-field-type-html elementor-field-group elementor-column elementor-field-group-field_7ac140c elementor-col-100\">\n\t\t\t\t\tPeso massimo dell'allegato: 2MB - Formati supportati: .pdf \/ .jpeg \/ .png \/ .jpg\t\t\t\t<\/div>\n\t\t\t\t\t\t\t\t<div class=\"elementor-field-type-acceptance elementor-field-group elementor-column elementor-field-group-privacy elementor-col-66 elementor-field-required elementor-mark-required\">\n\t\t\t\t\t\t\t\t\t\t\t\t<label for=\"form-field-privacy\" class=\"elementor-field-label\">\n\t\t\t\t\t\t\t\tAccettazione privacy\t\t\t\t\t\t\t<\/label>\n\t\t\t\t\t\t\t\t<div class=\"elementor-field-subgroup\">\n\t\t\t<span class=\"elementor-field-option\">\n\t\t\t\t<input type=\"checkbox\" name=\"form_fields[privacy]\" id=\"form-field-privacy\" class=\"elementor-field elementor-size-sm  elementor-acceptance-field\" required=\"required\">\n\t\t\t\t<label for=\"form-field-privacy\">ho letto e accetto <a href=\"\/privacy-policy\">l'informativa sulla privacy<\/a><\/label>\t\t\t<\/span>\n\t\t<\/div>\n\t\t\t\t\t\t<\/div>\n\t\t\t\t\t\t\t\t<div class=\"elementor-field-type-recaptcha_v3 elementor-field-group elementor-column elementor-field-group-recaptcha elementor-col-100 recaptcha_v3-inline\">\n\t\t\t\t\t<div class=\"elementor-field\" id=\"form-field-recaptcha\"><div class=\"elementor-g-recaptcha\" data-sitekey=\"6LcJt_QaAAAAAGu6_G_rJs34jsImT4XQ1cBBvIdB\" data-type=\"v3\" data-action=\"Form\" data-badge=\"inline\" data-size=\"invisible\"><\/div><\/div>\t\t\t\t<\/div>\n\t\t\t\t\t\t\t\t<div class=\"elementor-field-group elementor-column elementor-field-type-submit elementor-col-33 e-form__buttons elementor-md-80\">\n\t\t\t\t\t<button class=\"elementor-button elementor-size-sm\" type=\"submit\">\n\t\t\t\t\t\t<span class=\"elementor-button-content-wrapper\">\n\t\t\t\t\t\t\t\t\t\t\t\t\t\t\t\t\t\t\t\t\t\t<span class=\"elementor-button-text\">Invia la segnalazione<\/span>\n\t\t\t\t\t\t\t\t\t\t\t\t\t<\/span>\n\t\t\t\t\t<\/button>\n\t\t\t\t<\/div>\n\t\t\t<\/div>\n\t\t<\/form>\n\t\t\t\t\t\t<\/div>\n\t\t\t\t<\/div>\n\t\t\t\t\t<\/div>\n\t\t<\/div>\n\t\t\t\t\t<\/div>\n\t\t<\/section>\n\t\t\t\t<\/div>\n\t\t","protected":false},"excerpt":{"rendered":"<p>Il nostro impegno Per Gruppo Borghi, la sostenibilit\u00e0 \u00e8 parte integrante del proprio modello di sviluppo. Il Gruppo ha avviato un percorso strutturato volto a integrare i principi ESG nei processi aziendali, con particolare attenzione alla dimensione sociale e alla valorizzazione delle persone. Crediamo che la parit\u00e0 di genere e l\u2019inclusione siano elementi fondamentali per [&hellip;]<\/p>\n","protected":false},"author":1,"featured_media":0,"parent":0,"menu_order":0,"comment_status":"closed","ping_status":"closed","template":"elementor_header_footer","meta":{"_acf_changed":false,"footnotes":""},"class_list":["post-2040","page","type-page","status-publish","hentry"],"acf":[],"yoast_head":"<!-- This site is optimized with the Yoast SEO plugin v25.1 - https:\/\/yoast.com\/wordpress\/plugins\/seo\/ -->\n<title>Sostenibilit\u00e0 | Gruppo Borghi<\/title>\n<meta name=\"robots\" content=\"noindex, nofollow\" \/>\n<meta property=\"og:locale\" content=\"it_IT\" \/>\n<meta property=\"og:type\" content=\"article\" \/>\n<meta property=\"og:title\" content=\"Sostenibilit\u00e0 | Gruppo Borghi\" \/>\n<meta property=\"og:description\" content=\"Il nostro impegno Per Gruppo Borghi, la sostenibilit\u00e0 \u00e8 parte integrante del proprio modello di sviluppo. Il Gruppo ha avviato un percorso strutturato volto a integrare i principi ESG nei processi aziendali, con particolare attenzione alla dimensione sociale e alla valorizzazione delle persone. Crediamo che la parit\u00e0 di genere e l\u2019inclusione siano elementi fondamentali per [&hellip;]\" \/>\n<meta property=\"og:url\" content=\"https:\/\/gruppoborghi.it\/it\/sostenibilita\/\" \/>\n<meta property=\"og:site_name\" content=\"Gruppo Borghi\" \/>\n<meta property=\"article:modified_time\" content=\"2026-04-22T08:36:25+00:00\" \/>\n<meta name=\"twitter:card\" content=\"summary_large_image\" \/>\n<meta name=\"twitter:label1\" content=\"Tempo di lettura stimato\" \/>\n\t<meta name=\"twitter:data1\" content=\"2 minuti\" \/>\n<script type=\"application\/ld+json\" class=\"yoast-schema-graph\">{\"@context\":\"https:\/\/schema.org\",\"@graph\":[{\"@type\":\"WebPage\",\"@id\":\"https:\/\/gruppoborghi.it\/sostenibilita\/\",\"url\":\"https:\/\/gruppoborghi.it\/sostenibilita\/\",\"name\":\"Sostenibilit\u00e0 | Gruppo Borghi\",\"isPartOf\":{\"@id\":\"https:\/\/gruppoborghi.it\/it\/#website\"},\"datePublished\":\"2026-04-17T13:28:21+00:00\",\"dateModified\":\"2026-04-22T08:36:25+00:00\",\"breadcrumb\":{\"@id\":\"https:\/\/gruppoborghi.it\/sostenibilita\/#breadcrumb\"},\"inLanguage\":\"it-IT\",\"potentialAction\":[{\"@type\":\"ReadAction\",\"target\":[\"https:\/\/gruppoborghi.it\/sostenibilita\/\"]}]},{\"@type\":\"BreadcrumbList\",\"@id\":\"https:\/\/gruppoborghi.it\/sostenibilita\/#breadcrumb\",\"itemListElement\":[{\"@type\":\"ListItem\",\"position\":1,\"name\":\"Home\",\"item\":\"https:\/\/gruppoborghi.it\/\"},{\"@type\":\"ListItem\",\"position\":2,\"name\":\"Sostenibilit\u00e0\"}]},{\"@type\":\"WebSite\",\"@id\":\"https:\/\/gruppoborghi.it\/it\/#website\",\"url\":\"https:\/\/gruppoborghi.it\/it\/\",\"name\":\"Gruppo Borghi\",\"description\":\"\",\"publisher\":{\"@id\":\"https:\/\/gruppoborghi.it\/it\/#organization\"},\"potentialAction\":[{\"@type\":\"SearchAction\",\"target\":{\"@type\":\"EntryPoint\",\"urlTemplate\":\"https:\/\/gruppoborghi.it\/it\/?s={search_term_string}\"},\"query-input\":{\"@type\":\"PropertyValueSpecification\",\"valueRequired\":true,\"valueName\":\"search_term_string\"}}],\"inLanguage\":\"it-IT\"},{\"@type\":\"Organization\",\"@id\":\"https:\/\/gruppoborghi.it\/it\/#organization\",\"name\":\"Gruppo Borghi\",\"url\":\"https:\/\/gruppoborghi.it\/it\/\",\"logo\":{\"@type\":\"ImageObject\",\"inLanguage\":\"it-IT\",\"@id\":\"https:\/\/gruppoborghi.it\/it\/#\/schema\/logo\/image\/\",\"url\":\"https:\/\/gruppoborghi.it\/wp-content\/uploads\/2021\/02\/logo.png\",\"contentUrl\":\"https:\/\/gruppoborghi.it\/wp-content\/uploads\/2021\/02\/logo.png\",\"width\":220,\"height\":65,\"caption\":\"Gruppo Borghi\"},\"image\":{\"@id\":\"https:\/\/gruppoborghi.it\/it\/#\/schema\/logo\/image\/\"}}]}<\/script>\n<!-- \/ Yoast SEO plugin. -->","yoast_head_json":{"title":"Sostenibilit\u00e0 | Gruppo Borghi","robots":{"index":"noindex","follow":"nofollow"},"og_locale":"it_IT","og_type":"article","og_title":"Sostenibilit\u00e0 | Gruppo Borghi","og_description":"Il nostro impegno Per Gruppo Borghi, la sostenibilit\u00e0 \u00e8 parte integrante del proprio modello di sviluppo. Il Gruppo ha avviato un percorso strutturato volto a integrare i principi ESG nei processi aziendali, con particolare attenzione alla dimensione sociale e alla valorizzazione delle persone. Crediamo che la parit\u00e0 di genere e l\u2019inclusione siano elementi fondamentali per [&hellip;]","og_url":"https:\/\/gruppoborghi.it\/it\/sostenibilita\/","og_site_name":"Gruppo Borghi","article_modified_time":"2026-04-22T08:36:25+00:00","twitter_card":"summary_large_image","twitter_misc":{"Tempo di lettura stimato":"2 minuti"},"schema":{"@context":"https:\/\/schema.org","@graph":[{"@type":"WebPage","@id":"https:\/\/gruppoborghi.it\/sostenibilita\/","url":"https:\/\/gruppoborghi.it\/sostenibilita\/","name":"Sostenibilit\u00e0 | Gruppo Borghi","isPartOf":{"@id":"https:\/\/gruppoborghi.it\/it\/#website"},"datePublished":"2026-04-17T13:28:21+00:00","dateModified":"2026-04-22T08:36:25+00:00","breadcrumb":{"@id":"https:\/\/gruppoborghi.it\/sostenibilita\/#breadcrumb"},"inLanguage":"it-IT","potentialAction":[{"@type":"ReadAction","target":["https:\/\/gruppoborghi.it\/sostenibilita\/"]}]},{"@type":"BreadcrumbList","@id":"https:\/\/gruppoborghi.it\/sostenibilita\/#breadcrumb","itemListElement":[{"@type":"ListItem","position":1,"name":"Home","item":"https:\/\/gruppoborghi.it\/"},{"@type":"ListItem","position":2,"name":"Sostenibilit\u00e0"}]},{"@type":"WebSite","@id":"https:\/\/gruppoborghi.it\/it\/#website","url":"https:\/\/gruppoborghi.it\/it\/","name":"Gruppo Borghi","description":"","publisher":{"@id":"https:\/\/gruppoborghi.it\/it\/#organization"},"potentialAction":[{"@type":"SearchAction","target":{"@type":"EntryPoint","urlTemplate":"https:\/\/gruppoborghi.it\/it\/?s={search_term_string}"},"query-input":{"@type":"PropertyValueSpecification","valueRequired":true,"valueName":"search_term_string"}}],"inLanguage":"it-IT"},{"@type":"Organization","@id":"https:\/\/gruppoborghi.it\/it\/#organization","name":"Gruppo Borghi","url":"https:\/\/gruppoborghi.it\/it\/","logo":{"@type":"ImageObject","inLanguage":"it-IT","@id":"https:\/\/gruppoborghi.it\/it\/#\/schema\/logo\/image\/","url":"https:\/\/gruppoborghi.it\/wp-content\/uploads\/2021\/02\/logo.png","contentUrl":"https:\/\/gruppoborghi.it\/wp-content\/uploads\/2021\/02\/logo.png","width":220,"height":65,"caption":"Gruppo Borghi"},"image":{"@id":"https:\/\/gruppoborghi.it\/it\/#\/schema\/logo\/image\/"}}]}},"_links":{"self":[{"href":"https:\/\/gruppoborghi.it\/it\/wp-json\/wp\/v2\/pages\/2040","targetHints":{"allow":["GET"]}}],"collection":[{"href":"https:\/\/gruppoborghi.it\/it\/wp-json\/wp\/v2\/pages"}],"about":[{"href":"https:\/\/gruppoborghi.it\/it\/wp-json\/wp\/v2\/types\/page"}],"author":[{"embeddable":true,"href":"https:\/\/gruppoborghi.it\/it\/wp-json\/wp\/v2\/users\/1"}],"replies":[{"embeddable":true,"href":"https:\/\/gruppoborghi.it\/it\/wp-json\/wp\/v2\/comments?post=2040"}],"version-history":[{"count":23,"href":"https:\/\/gruppoborghi.it\/it\/wp-json\/wp\/v2\/pages\/2040\/revisions"}],"predecessor-version":[{"id":2066,"href":"https:\/\/gruppoborghi.it\/it\/wp-json\/wp\/v2\/pages\/2040\/revisions\/2066"}],"wp:attachment":[{"href":"https:\/\/gruppoborghi.it\/it\/wp-json\/wp\/v2\/media?parent=2040"}],"curies":[{"name":"wp","href":"https:\/\/api.w.org\/{rel}","templated":true}]}}